{"id":11,"date":"2022-03-23T23:31:34","date_gmt":"2022-03-23T22:31:34","guid":{"rendered":"https:\/\/aiim.fr\/?page_id=11"},"modified":"2024-03-10T18:10:37","modified_gmt":"2024-03-10T17:10:37","slug":"association-dinformations-intercommunal-mutualiste","status":"publish","type":"page","link":"https:\/\/aiim.fr\/","title":{"rendered":"Du droit \u00e0 l&rsquo;information \u00e0 la libert\u00e9 d&rsquo;opinion"},"content":{"rendered":"\n<div class=\"wp-block-group alignwide\"><div class=\"wp-block-group__inner-container is-layout-flow wp-block-group-is-layout-flow\">\n<div class=\"wp-block-columns alignwide are-vertically-aligned-top is-layout-flex wp-container-core-columns-is-layout-9d6595d7 wp-block-columns-is-layout-flex\">\n<div class=\"wp-block-column is-vertically-aligned-top is-layout-flow wp-block-column-is-layout-flow\"><ul class=\"wp-block-latest-posts__list wp-block-latest-posts\"><li><div class=\"wp-block-latest-posts__featured-image\"><a href=\"https:\/\/aiim.fr\/?p=2223\" aria-label=\"Projection\/d\u00e9bat film \u00ab\u00a0hors-service \u00ab\u00a0de Jean Boiron-Lajous au cin\u00e9ma Strapontin \u00e0 Sain Bel.\"><img fetchpriority=\"high\" decoding=\"async\" width=\"640\" height=\"905\" src=\"https:\/\/aiim.fr\/wp-content\/uploads\/2026\/03\/Affiche-Hors-service-pdf-4-1-pdf-724x1024.jpg\" class=\"attachment-large size-large wp-post-image\" alt=\"\" style=\"max-height:1500px;\" \/><\/a><\/div><a class=\"wp-block-latest-posts__post-title\" href=\"https:\/\/aiim.fr\/?p=2223\">Projection\/d\u00e9bat film \u00ab\u00a0hors-service \u00ab\u00a0de Jean Boiron-Lajous au cin\u00e9ma Strapontin \u00e0 Sain Bel.<\/a><\/li>\n<\/ul><\/div>\n\n\n\n<div class=\"wp-block-column is-vertically-aligned-top is-layout-flow wp-block-column-is-layout-flow\">\n<div class=\"wp-block-columns is-layout-flex wp-container-core-columns-is-layout-9d6595d7 wp-block-columns-is-layout-flex\">\n<div class=\"wp-block-column is-vertically-aligned-top is-layout-flow wp-block-column-is-layout-flow\">\n<div class=\"wp-block-cover is-light\" style=\"min-height:237px;aspect-ratio:unset;\"><span aria-hidden=\"true\" class=\"wp-block-cover__background has-vivid-cyan-blue-background-color has-background-dim-10 has-background-dim\"><\/span><img decoding=\"async\" width=\"900\" height=\"1200\" class=\"wp-block-cover__image-background wp-image-694\" alt=\"vie interne aiim\" src=\"https:\/\/aiim.fr\/wp-content\/uploads\/2022\/10\/photo-site.jpg\" style=\"object-position:33% 22%\" data-object-fit=\"cover\" data-object-position=\"33% 22%\" srcset=\"https:\/\/aiim.fr\/wp-content\/uploads\/2022\/10\/photo-site.jpg 900w, https:\/\/aiim.fr\/wp-content\/uploads\/2022\/10\/photo-site-225x300.jpg 225w, https:\/\/aiim.fr\/wp-content\/uploads\/2022\/10\/photo-site-768x1024.jpg 768w, https:\/\/aiim.fr\/wp-content\/uploads\/2022\/10\/photo-site-450x600.jpg 450w\" sizes=\"(max-width: 900px) 100vw, 900px\" \/><div class=\"wp-block-cover__inner-container is-layout-flow wp-block-cover-is-layout-flow\">\n<p class=\"has-text-align-center\" style=\"font-size:20px\"><a href=\"https:\/\/aiim.fr\/?page_id=96\"><mark style=\"background-color:rgba(0, 0, 0, 0)\" class=\"has-inline-color has-white-color\">VIE INTERNE<\/mark><\/a><\/p>\n<\/div><\/div>\n\n\n\n<div style=\"height:5px\" aria-hidden=\"true\" class=\"wp-block-spacer\"><\/div>\n\n\n\n<div class=\"wp-block-cover\" style=\"min-height:237px;aspect-ratio:unset;\"><span aria-hidden=\"true\" class=\"wp-block-cover__background has-black-background-color has-background-dim-20 has-background-dim\"><\/span><img decoding=\"async\" width=\"275\" height=\"183\" class=\"wp-block-cover__image-background wp-image-130\" alt=\"adh\u00e9rents aiim\" src=\"https:\/\/aiim.fr\/wp-content\/uploads\/2022\/03\/cafe-echange.jpg\" style=\"object-position:50% 43%\" data-object-fit=\"cover\" data-object-position=\"50% 43%\"\/><div class=\"wp-block-cover__inner-container is-layout-flow wp-block-cover-is-layout-flow\">\n<p class=\"has-text-align-center\" style=\"font-size:20px\"><a href=\"https:\/\/aiim.fr\/?page_id=100\" data-type=\"URL\" data-id=\"https:\/\/aiim.fr\/?page_id=100\"><mark style=\"background-color:rgba(0, 0, 0, 0)\" class=\"has-inline-color has-white-color\">ESPACE<\/mark><\/a><\/p>\n\n\n\n<p class=\"has-text-align-center\" style=\"font-size:20px\"><a href=\"https:\/\/aiim.fr\/?page_id=100\" data-type=\"URL\" data-id=\"https:\/\/aiim.fr\/?page_id=100\"><mark style=\"background-color:rgba(0, 0, 0, 0)\" class=\"has-inline-color has-white-color\">ADHERENTS<\/mark><\/a><\/p>\n<\/div><\/div>\n\n\n\n<div style=\"height:5px\" aria-hidden=\"true\" class=\"wp-block-spacer\"><\/div>\n\n\n\n<div class=\"wp-block-cover\" style=\"min-height:237px;aspect-ratio:unset;\"><span aria-hidden=\"true\" class=\"wp-block-cover__background has-background-dim-10 has-background-dim\"><\/span><img loading=\"lazy\" decoding=\"async\" width=\"600\" height=\"400\" class=\"wp-block-cover__image-background wp-image-696\" alt=\"documents aiim\" src=\"https:\/\/aiim.fr\/wp-content\/uploads\/2022\/10\/biliotheque-photo.jpeg\" data-object-fit=\"cover\" srcset=\"https:\/\/aiim.fr\/wp-content\/uploads\/2022\/10\/biliotheque-photo.jpeg 600w, https:\/\/aiim.fr\/wp-content\/uploads\/2022\/10\/biliotheque-photo-300x200.jpeg 300w\" sizes=\"(max-width: 600px) 100vw, 600px\" \/><div class=\"wp-block-cover__inner-container is-layout-flow wp-block-cover-is-layout-flow\">\n<p class=\"has-text-align-center\" style=\"font-size:20px\"><a href=\"https:\/\/aiim.fr\/?p=1423\"><mark style=\"background-color:rgba(0, 0, 0, 0)\" class=\"has-inline-color has-white-color\">DOCUMENTS &amp; REFERENCES<\/mark><\/a><\/p>\n<\/div><\/div>\n<\/div>\n\n\n\n<div class=\"wp-block-column is-layout-flow wp-block-column-is-layout-flow\">\n<div class=\"wp-block-cover\" style=\"min-height:237px;aspect-ratio:unset;\"><span aria-hidden=\"true\" class=\"wp-block-cover__background has-black-background-color has-background-dim-20 has-background-dim\"><\/span><img loading=\"lazy\" decoding=\"async\" width=\"275\" height=\"183\" class=\"wp-block-cover__image-background wp-image-1050\" alt=\"\" src=\"https:\/\/aiim.fr\/wp-content\/uploads\/2022\/10\/atelier-photo-etiquette.jpg\" data-object-fit=\"cover\"\/><div class=\"wp-block-cover__inner-container is-layout-flow wp-block-cover-is-layout-flow\">\n<p class=\"has-text-align-center\" style=\"font-size:20px\"><a href=\"https:\/\/aiim.fr\/?page_id=98\" data-type=\"URL\" data-id=\"https:\/\/aiim.fr\/?page_id=98\"><mark style=\"background-color:rgba(0, 0, 0, 0)\" class=\"has-inline-color has-white-color\">ATELIERS<\/mark><\/a><\/p>\n<\/div><\/div>\n\n\n\n<div style=\"height:5px\" aria-hidden=\"true\" class=\"wp-block-spacer\"><\/div>\n\n\n\n<div class=\"wp-block-cover is-light\" style=\"min-height:237px;aspect-ratio:unset;\"><span aria-hidden=\"true\" class=\"wp-block-cover__background has-background-dim-10 has-background-dim\" style=\"background-color:#e79b10\"><\/span><img loading=\"lazy\" decoding=\"async\" width=\"275\" height=\"183\" class=\"wp-block-cover__image-background wp-image-133\" alt=\"\" src=\"https:\/\/aiim.fr\/wp-content\/uploads\/2022\/03\/evenements.jpg\" style=\"object-position:56% 52%\" data-object-fit=\"cover\" data-object-position=\"56% 52%\"\/><div class=\"wp-block-cover__inner-container is-layout-flow wp-block-cover-is-layout-flow\">\n<p class=\"has-text-align-center\" style=\"font-size:20px\"><a href=\"https:\/\/aiim.fr\/?page_id=102\"><mark style=\"background-color:rgba(0, 0, 0, 0)\" class=\"has-inline-color has-white-color\">HISTORIQUES<\/mark><\/a><\/p>\n\n\n\n<p class=\"has-text-align-center\" style=\"font-size:20px\"><a data-type=\"URL\" data-id=\"https:\/\/aiim.fr\/?page_id=102\" href=\"https:\/\/aiim.fr\/?page_id=102\"><mark style=\"background-color:rgba(0, 0, 0, 0)\" class=\"has-inline-color has-white-color\">EVENEMENTS<\/mark><\/a><\/p>\n<\/div><\/div>\n\n\n\n<div style=\"height:2px\" aria-hidden=\"true\" class=\"wp-block-spacer\"><\/div>\n\n\n\n<div class=\"wp-block-cover\" style=\"min-height:237px;aspect-ratio:unset;\"><span aria-hidden=\"true\" class=\"wp-block-cover__background has-vivid-cyan-blue-background-color has-background-dim-10 has-background-dim\"><\/span><img loading=\"lazy\" decoding=\"async\" width=\"275\" height=\"183\" class=\"wp-block-cover__image-background wp-image-229\" alt=\"\" src=\"https:\/\/aiim.fr\/wp-content\/uploads\/2022\/03\/onglet-statuts-charte-adhesion.jpg\" style=\"object-position:65% 37%\" data-object-fit=\"cover\" data-object-position=\"65% 37%\"\/><div class=\"wp-block-cover__inner-container is-layout-flow wp-block-cover-is-layout-flow\">\n<div class=\"wp-block-group\"><div class=\"wp-block-group__inner-container is-layout-flow wp-block-group-is-layout-flow\">\n<p class=\"has-text-align-center\" style=\"font-size:20px\"><a href=\"https:\/\/aiim.fr\/?page_id=106\" data-type=\"URL\" data-id=\"https:\/\/aiim.fr\/?page_id=106\"><mark style=\"background-color:rgba(0, 0, 0, 0)\" class=\"has-inline-color has-white-color\">STATUTS<\/mark><\/a><\/p>\n\n\n\n<p class=\"has-text-align-center\" style=\"font-size:20px\"><a href=\"https:\/\/aiim.fr\/?page_id=106\" data-type=\"URL\" data-id=\"https:\/\/aiim.fr\/?page_id=106\"><mark style=\"background-color:rgba(0, 0, 0, 0)\" class=\"has-inline-color has-white-color\">CHARTES<\/mark><\/a><\/p>\n\n\n\n<p class=\"has-text-align-center\" style=\"font-size:20px\"><a href=\"https:\/\/aiim.fr\/?page_id=106\" data-type=\"URL\" data-id=\"https:\/\/aiim.fr\/?page_id=106\"><mark style=\"background-color:rgba(0, 0, 0, 0)\" class=\"has-inline-color has-white-color\">ADHESIONS<\/mark><\/a><\/p>\n<\/div><\/div>\n<\/div><\/div>\n<\/div>\n<\/div>\n<\/div>\n<\/div>\n<\/div><\/div>\n\n\n\n<p><\/p>\n<div class='watch-action'><div class='watch-position align-left'><div class='action-like'><a class='lbg-style1 like-11 jlk' href='javascript:void(0)' data-task='like' data-post_id='11' data-nonce='7a9a9479a2' rel='nofollow'><img class='wti-pixel' src='https:\/\/aiim.fr\/wp-content\/plugins\/wti-like-post\/images\/pixel.gif' title='J&#039;aime ' \/><span class='lc-11 lc'>0<\/span><\/a><\/div><div class='action-unlike'><a class='unlbg-style1 unlike-11 jlk' href='javascript:void(0)' data-task='unlike' data-post_id='11' data-nonce='7a9a9479a2' rel='nofollow'><img class='wti-pixel' src='https:\/\/aiim.fr\/wp-content\/plugins\/wti-like-post\/images\/pixel.gif' title=' J&#039;aime pas' \/><span class='unlc-11 unlc'>0<\/span><\/a><\/div> <\/div> <div class='status-11 status align-left'><\/div><\/div><div class='wti-clear'><\/div>","protected":false},"excerpt":{"rendered":"<p>0 0<\/p>\n","protected":false},"author":1,"featured_media":0,"parent":0,"menu_order":0,"comment_status":"closed","ping_status":"closed","template":"","meta":{"footnotes":""},"class_list":["post-11","page","type-page","status-publish","hentry"],"jetpack_sharing_enabled":true,"_links":{"self":[{"href":"https:\/\/aiim.fr\/index.php?rest_route=\/wp\/v2\/pages\/11","targetHints":{"allow":["GET"]}}],"collection":[{"href":"https:\/\/aiim.fr\/index.php?rest_route=\/wp\/v2\/pages"}],"about":[{"href":"https:\/\/aiim.fr\/index.php?rest_route=\/wp\/v2\/types\/page"}],"author":[{"embeddable":true,"href":"https:\/\/aiim.fr\/index.php?rest_route=\/wp\/v2\/users\/1"}],"replies":[{"embeddable":true,"href":"https:\/\/aiim.fr\/index.php?rest_route=%2Fwp%2Fv2%2Fcomments&post=11"}],"version-history":[{"count":75,"href":"https:\/\/aiim.fr\/index.php?rest_route=\/wp\/v2\/pages\/11\/revisions"}],"predecessor-version":[{"id":1623,"href":"https:\/\/aiim.fr\/index.php?rest_route=\/wp\/v2\/pages\/11\/revisions\/1623"}],"wp:attachment":[{"href":"https:\/\/aiim.fr\/index.php?rest_route=%2Fwp%2Fv2%2Fmedia&parent=11"}],"curies":[{"name":"wp","href":"https:\/\/api.w.org\/{rel}","templated":true}]}}